{"id":1143,"date":"2022-09-30T08:01:28","date_gmt":"2022-09-30T07:01:28","guid":{"rendered":"https:\/\/cnc.alfain.eu\/gallery\/"},"modified":"2023-05-24T12:47:42","modified_gmt":"2023-05-24T11:47:42","slug":"gallery","status":"publish","type":"page","link":"https:\/\/cnc.alfain.eu\/en\/gallery\/","title":{"rendered":"GALLERY"},"content":{"rendered":"\n<h3 class=\"wp-block-heading\">New SVAROG line plasma inverter integrated with ALFATEC table<\/h3>\n\n\n\n<figure class=\"wp-block-embed is-type-video is-provider-youtube wp-block-embed-youtube wp-embed-aspect-16-9 wp-has-aspect-ratio\"><div class=\"wp-block-embed__wrapper\">\n<iframe title=\"Plasmov\u00e9 \u0159ezac\u00ed port\u00e1ly ALFATEC se zdrojem SVAROG 105 plasma\" width=\"500\" height=\"281\" data-src=\"https:\/\/www.youtube.com\/embed\/wwHAK2UHPsA?feature=oembed\" frameborder=\"0\" allow=\"accelerometer; autoplay; clipboard-write; encrypted-media; gyroscope; picture-in-picture; web-share\" referrerpolicy=\"strict-origin-when-cross-origin\" allowfullscreen src=\"data:image\/svg+xml;base64,PHN2ZyB3aWR0aD0iMSIgaGVpZ2h0PSIxIiB4bWxucz0iaHR0cDovL3d3dy53My5vcmcvMjAwMC9zdmciPjwvc3ZnPg==\" class=\"lazyload\" data-load-mode=\"1\"><\/iframe>\n<\/div><\/figure>\n\n\n\n<h3 class=\"wp-block-heading\">Demonstration of plasma burning on the ALFATEC portal 1.5&#215;3 m, SVAROG 105 plasma inverter<\/h3>\n\n\n\n<figure class=\"wp-block-video\"><video height=\"480\" style=\"aspect-ratio: 854 \/ 480;\" width=\"854\" controls src=\"https:\/\/cnc.alfain.eu\/files\/uploads\/sites\/3\/2021\/02\/CNC-plasma-cutting-with-Svarog-105.mp4\"><\/video><\/figure>\n\n\n\n<figure class=\"wp-block-embed is-type-video is-provider-youtube wp-block-embed-youtube wp-embed-aspect-16-9 wp-has-aspect-ratio\">\r\n<div class=\"wp-block-embed__wrapper\"><a href=\"https:\/\/youtu.be\/svYJ_xzOdXA\">https:\/\/youtu.be\/svYJ_xzOdXA<\/a><\/div><\/figure>\n\n\n\n<h2 class=\"wp-block-heading\">Demonstration of flame burning on the ALFATEC portal 1.5&#215;3 m<\/h2>\n\n\n\n<figure class=\"wp-block-video\"><video height=\"480\" style=\"aspect-ratio: 854 \/ 480;\" width=\"854\" controls src=\"https:\/\/cnc.alfain.eu\/files\/uploads\/sites\/3\/2020\/12\/CNC-ALFATEC-autogen-cutting.mp4\"><\/video><\/figure>\n\n\n\n<h3 class=\"wp-block-heading\">Table with water tub 1.25&#215;1.25 m<\/h3>\n\n\n\n<figure class=\"wp-block-video\"><video height=\"480\" style=\"aspect-ratio: 854 \/ 480;\" width=\"854\" controls src=\"https:\/\/cnc.alfain.eu\/files\/uploads\/sites\/3\/2020\/11\/CNC-plasma-125x125-vodni-vana.mp4\"><\/video><\/figure>\n\n\n\n<h2 class=\"wp-block-heading\">Milling demonstration<\/h2>\n\n\n\n<figure class=\"wp-block-video\"><video height=\"1080\" style=\"aspect-ratio: 1920 \/ 1080;\" width=\"1920\" controls src=\"https:\/\/cnc.alfain.eu\/files\/uploads\/sites\/3\/2021\/06\/rozvadece_vyroba.mp4\"><\/video><figcaption class=\"wp-element-caption\">Milling demonstration 1<\/figcaption><\/figure>\n\n\n\n<p><\/p>\n\n\n\n<figure class=\"wp-block-video\"><video height=\"480\" style=\"aspect-ratio: 854 \/ 480;\" width=\"854\" controls src=\"https:\/\/cnc.alfain.eu\/files\/uploads\/sites\/3\/2021\/11\/ALFATEC-milling.mp4\"><\/video><figcaption class=\"wp-element-caption\">Milling demonstration 2<\/figcaption><\/figure>\n\n\n\n<p><\/p>\n\n\n\n<p><\/p>\n\n\n\n<figure class=\"wp-block-embed is-type-video is-provider-youtube wp-block-embed-youtube wp-embed-aspect-16-9 wp-has-aspect-ratio\">\r\n<div class=\"wp-block-embed__wrapper\"><a href=\"https:\/\/youtu.be\/4WMj5rfoS7g\">https:\/\/youtu.be\/4WMj5rfoS7g<\/a><\/div><\/figure>\n\n\n\n<figure class=\"wp-block-gallery columns-3 is-cropped wp-block-gallery-1 is-layout-flex wp-block-gallery-is-layout-flex\"><ul class=\"blocks-gallery-grid\"><li class=\"blocks-gallery-item\"><figure><img fetchpriority=\"high\" decoding=\"async\" width=\"1380\" height=\"920\" src=\"https:\/\/cnc.alfain.eu\/files\/uploads\/sites\/3\/2020\/12\/IMG_3687-64-1380x920.jpg\" alt=\"\" data-id=\"385\" data-full-url=\"https:\/\/cnc.alfain.eu\/files\/uploads\/sites\/3\/2020\/12\/IMG_3687-64-scaled.jpg\" data-link=\"https:\/\/cnc.alfain.eu\/?attachment_id=385\" class=\"wp-image-386\" srcset=\"https:\/\/cnc.alfain.eu\/files\/uploads\/sites\/3\/2020\/12\/IMG_3687-64-1380x920.jpg 1380w, https:\/\/cnc.alfain.eu\/files\/uploads\/sites\/3\/2020\/12\/IMG_3687-64-920x613.jpg 920w, https:\/\/cnc.alfain.eu\/files\/uploads\/sites\/3\/2020\/12\/IMG_3687-64-768x512.jpg 768w, https:\/\/cnc.alfain.eu\/files\/uploads\/sites\/3\/2020\/12\/IMG_3687-64-1536x1024.jpg 1536w, https:\/\/cnc.alfain.eu\/files\/uploads\/sites\/3\/2020\/12\/IMG_3687-64-2048x1365.jpg 2048w\" sizes=\"(max-width: 1380px) 100vw, 1380px\" \/><\/figure><\/li><li class=\"blocks-gallery-item\"><figure><img decoding=\"async\" width=\"1380\" height=\"920\" data-src=\"https:\/\/cnc.alfain.eu\/files\/uploads\/sites\/3\/2020\/12\/IMG_3532-13-1380x920.jpg\" alt=\"\" data-id=\"365\" data-full-url=\"https:\/\/cnc.alfain.eu\/files\/uploads\/sites\/3\/2020\/12\/IMG_3532-13-scaled.jpg\" data-link=\"https:\/\/cnc.alfain.eu\/?attachment_id=365\" class=\"wp-image-366 lazyload\" data-srcset=\"https:\/\/cnc.alfain.eu\/files\/uploads\/sites\/3\/2020\/12\/IMG_3532-13-1380x920.jpg 1380w, https:\/\/cnc.alfain.eu\/files\/uploads\/sites\/3\/2020\/12\/IMG_3532-13-920x613.jpg 920w, https:\/\/cnc.alfain.eu\/files\/uploads\/sites\/3\/2020\/12\/IMG_3532-13-768x512.jpg 768w, https:\/\/cnc.alfain.eu\/files\/uploads\/sites\/3\/2020\/12\/IMG_3532-13-1536x1024.jpg 1536w, https:\/\/cnc.alfain.eu\/files\/uploads\/sites\/3\/2020\/12\/IMG_3532-13-2048x1365.jpg 2048w\" data-sizes=\"auto\" src=\"data:image\/svg+xml;base64,PHN2ZyB3aWR0aD0iMSIgaGVpZ2h0PSIxIiB4bWxucz0iaHR0cDovL3d3dy53My5vcmcvMjAwMC9zdmciPjwvc3ZnPg==\" style=\"--smush-placeholder-width: 1380px; --smush-placeholder-aspect-ratio: 1380\/920;\" data-original-sizes=\"(max-width: 1380px) 100vw, 1380px\" \/><\/figure><\/li><li class=\"blocks-gallery-item\"><figure><img decoding=\"async\" width=\"1380\" height=\"920\" data-src=\"https:\/\/cnc.alfain.eu\/files\/uploads\/sites\/3\/2020\/12\/IMG_3612-43-1380x920.jpg\" alt=\"\" data-id=\"379\" data-full-url=\"https:\/\/cnc.alfain.eu\/files\/uploads\/sites\/3\/2020\/12\/IMG_3612-43-scaled.jpg\" data-link=\"https:\/\/cnc.alfain.eu\/?attachment_id=379\" class=\"wp-image-380 lazyload\" data-srcset=\"https:\/\/cnc.alfain.eu\/files\/uploads\/sites\/3\/2020\/12\/IMG_3612-43-1380x920.jpg 1380w, https:\/\/cnc.alfain.eu\/files\/uploads\/sites\/3\/2020\/12\/IMG_3612-43-920x613.jpg 920w, https:\/\/cnc.alfain.eu\/files\/uploads\/sites\/3\/2020\/12\/IMG_3612-43-768x512.jpg 768w, https:\/\/cnc.alfain.eu\/files\/uploads\/sites\/3\/2020\/12\/IMG_3612-43-1536x1024.jpg 1536w, https:\/\/cnc.alfain.eu\/files\/uploads\/sites\/3\/2020\/12\/IMG_3612-43-2048x1365.jpg 2048w\" data-sizes=\"auto\" src=\"data:image\/svg+xml;base64,PHN2ZyB3aWR0aD0iMSIgaGVpZ2h0PSIxIiB4bWxucz0iaHR0cDovL3d3dy53My5vcmcvMjAwMC9zdmciPjwvc3ZnPg==\" style=\"--smush-placeholder-width: 1380px; --smush-placeholder-aspect-ratio: 1380\/920;\" data-original-sizes=\"(max-width: 1380px) 100vw, 1380px\" \/><\/figure><\/li><li class=\"blocks-gallery-item\"><figure><img decoding=\"async\" width=\"920\" height=\"1380\" data-src=\"https:\/\/cnc.alfain.eu\/files\/uploads\/sites\/3\/2020\/12\/IMG_3581-26-920x1380.jpg\" alt=\"\" data-id=\"369\" data-full-url=\"https:\/\/cnc.alfain.eu\/files\/uploads\/sites\/3\/2020\/12\/IMG_3581-26-scaled.jpg\" data-link=\"https:\/\/cnc.alfain.eu\/?attachment_id=369\" class=\"wp-image-370 lazyload\" data-srcset=\"https:\/\/cnc.alfain.eu\/files\/uploads\/sites\/3\/2020\/12\/IMG_3581-26-920x1380.jpg 920w, https:\/\/cnc.alfain.eu\/files\/uploads\/sites\/3\/2020\/12\/IMG_3581-26-613x920.jpg 613w, https:\/\/cnc.alfain.eu\/files\/uploads\/sites\/3\/2020\/12\/IMG_3581-26-768x1152.jpg 768w, https:\/\/cnc.alfain.eu\/files\/uploads\/sites\/3\/2020\/12\/IMG_3581-26-1024x1536.jpg 1024w, https:\/\/cnc.alfain.eu\/files\/uploads\/sites\/3\/2020\/12\/IMG_3581-26-1365x2048.jpg 1365w\" data-sizes=\"auto\" src=\"data:image\/svg+xml;base64,PHN2ZyB3aWR0aD0iMSIgaGVpZ2h0PSIxIiB4bWxucz0iaHR0cDovL3d3dy53My5vcmcvMjAwMC9zdmciPjwvc3ZnPg==\" style=\"--smush-placeholder-width: 920px; --smush-placeholder-aspect-ratio: 920\/1380;\" data-original-sizes=\"(max-width: 920px) 100vw, 920px\" \/><\/figure><\/li><li class=\"blocks-gallery-item\"><figure><img decoding=\"async\" width=\"920\" height=\"1380\" data-src=\"https:\/\/cnc.alfain.eu\/files\/uploads\/sites\/3\/2020\/12\/IMG_3737-73-920x1380.jpg\" alt=\"\" data-id=\"389\" data-full-url=\"https:\/\/cnc.alfain.eu\/files\/uploads\/sites\/3\/2020\/12\/IMG_3737-73-scaled.jpg\" data-link=\"https:\/\/cnc.alfain.eu\/?attachment_id=389\" class=\"wp-image-390 lazyload\" data-srcset=\"https:\/\/cnc.alfain.eu\/files\/uploads\/sites\/3\/2020\/12\/IMG_3737-73-920x1380.jpg 920w, https:\/\/cnc.alfain.eu\/files\/uploads\/sites\/3\/2020\/12\/IMG_3737-73-613x920.jpg 613w, https:\/\/cnc.alfain.eu\/files\/uploads\/sites\/3\/2020\/12\/IMG_3737-73-768x1152.jpg 768w, https:\/\/cnc.alfain.eu\/files\/uploads\/sites\/3\/2020\/12\/IMG_3737-73-1024x1536.jpg 1024w, https:\/\/cnc.alfain.eu\/files\/uploads\/sites\/3\/2020\/12\/IMG_3737-73-1365x2048.jpg 1365w\" data-sizes=\"auto\" src=\"data:image\/svg+xml;base64,PHN2ZyB3aWR0aD0iMSIgaGVpZ2h0PSIxIiB4bWxucz0iaHR0cDovL3d3dy53My5vcmcvMjAwMC9zdmciPjwvc3ZnPg==\" style=\"--smush-placeholder-width: 920px; --smush-placeholder-aspect-ratio: 920\/1380;\" data-original-sizes=\"(max-width: 920px) 100vw, 920px\" \/><figcaption class=\"blocks-gallery-item__caption\">Profi line<\/figcaption><\/figure><\/li><li class=\"blocks-gallery-item\"><figure><img decoding=\"async\" width=\"667\" height=\"1000\" data-src=\"https:\/\/cnc.alfain.eu\/files\/uploads\/sites\/3\/2020\/12\/IMG_3493-1.jpg\" alt=\"\" data-id=\"427\" data-full-url=\"https:\/\/cnc.alfain.eu\/files\/uploads\/sites\/3\/2020\/12\/IMG_3493-1.jpg\" data-link=\"https:\/\/cnc.alfain.eu\/rezaci-portaly-rady-ekonom\/img_3493-1\/\" class=\"wp-image-428 lazyload\" data-srcset=\"https:\/\/cnc.alfain.eu\/files\/uploads\/sites\/3\/2020\/12\/IMG_3493-1.jpg 667w, https:\/\/cnc.alfain.eu\/files\/uploads\/sites\/3\/2020\/12\/IMG_3493-1-614x920.jpg 614w\" data-sizes=\"auto\" src=\"data:image\/svg+xml;base64,PHN2ZyB3aWR0aD0iMSIgaGVpZ2h0PSIxIiB4bWxucz0iaHR0cDovL3d3dy53My5vcmcvMjAwMC9zdmciPjwvc3ZnPg==\" style=\"--smush-placeholder-width: 667px; --smush-placeholder-aspect-ratio: 667\/1000;\" data-original-sizes=\"(max-width: 667px) 100vw, 667px\" \/><\/figure><\/li><li class=\"blocks-gallery-item\"><figure><img decoding=\"async\" width=\"1380\" height=\"774\" data-src=\"https:\/\/cnc.alfain.eu\/files\/uploads\/sites\/3\/2020\/12\/Rotovadlo-1-1380x774.jpg\" alt=\"\" data-id=\"527\" data-full-url=\"https:\/\/cnc.alfain.eu\/files\/uploads\/sites\/3\/2020\/12\/Rotovadlo-1.jpg\" data-link=\"https:\/\/cnc.alfain.eu\/?attachment_id=527\" class=\"wp-image-528 lazyload\" data-srcset=\"https:\/\/cnc.alfain.eu\/files\/uploads\/sites\/3\/2020\/12\/Rotovadlo-1-1380x774.jpg 1380w, https:\/\/cnc.alfain.eu\/files\/uploads\/sites\/3\/2020\/12\/Rotovadlo-1-920x516.jpg 920w, https:\/\/cnc.alfain.eu\/files\/uploads\/sites\/3\/2020\/12\/Rotovadlo-1-768x431.jpg 768w, https:\/\/cnc.alfain.eu\/files\/uploads\/sites\/3\/2020\/12\/Rotovadlo-1-1536x861.jpg 1536w, https:\/\/cnc.alfain.eu\/files\/uploads\/sites\/3\/2020\/12\/Rotovadlo-1.jpg 1671w\" data-sizes=\"auto\" src=\"data:image\/svg+xml;base64,PHN2ZyB3aWR0aD0iMSIgaGVpZ2h0PSIxIiB4bWxucz0iaHR0cDovL3d3dy53My5vcmcvMjAwMC9zdmciPjwvc3ZnPg==\" style=\"--smush-placeholder-width: 1380px; --smush-placeholder-aspect-ratio: 1380\/774;\" data-original-sizes=\"(max-width: 1380px) 100vw, 1380px\" \/><\/figure><\/li><li class=\"blocks-gallery-item\"><figure><img decoding=\"async\" width=\"1380\" height=\"985\" data-src=\"https:\/\/cnc.alfain.eu\/files\/uploads\/sites\/3\/2020\/12\/Rotovadlo-5-1380x985.jpg\" alt=\"\" data-id=\"535\" data-full-url=\"https:\/\/cnc.alfain.eu\/files\/uploads\/sites\/3\/2020\/12\/Rotovadlo-5.jpg\" data-link=\"https:\/\/cnc.alfain.eu\/?attachment_id=535\" class=\"wp-image-536 lazyload\" data-srcset=\"https:\/\/cnc.alfain.eu\/files\/uploads\/sites\/3\/2020\/12\/Rotovadlo-5-1380x985.jpg 1380w, https:\/\/cnc.alfain.eu\/files\/uploads\/sites\/3\/2020\/12\/Rotovadlo-5-920x657.jpg 920w, https:\/\/cnc.alfain.eu\/files\/uploads\/sites\/3\/2020\/12\/Rotovadlo-5-768x548.jpg 768w, https:\/\/cnc.alfain.eu\/files\/uploads\/sites\/3\/2020\/12\/Rotovadlo-5.jpg 1406w\" data-sizes=\"auto\" src=\"data:image\/svg+xml;base64,PHN2ZyB3aWR0aD0iMSIgaGVpZ2h0PSIxIiB4bWxucz0iaHR0cDovL3d3dy53My5vcmcvMjAwMC9zdmciPjwvc3ZnPg==\" style=\"--smush-placeholder-width: 1380px; --smush-placeholder-aspect-ratio: 1380\/985;\" data-original-sizes=\"(max-width: 1380px) 100vw, 1380px\" \/><\/figure><\/li><li class=\"blocks-gallery-item\"><figure><img decoding=\"async\" width=\"1380\" height=\"1035\" data-src=\"https:\/\/cnc.alfain.eu\/files\/uploads\/sites\/3\/2020\/11\/IMG_3352-1380x1035.jpg\" alt=\"\" data-id=\"503\" data-full-url=\"https:\/\/cnc.alfain.eu\/files\/uploads\/sites\/3\/2020\/11\/IMG_3352-scaled.jpg\" data-link=\"https:\/\/cnc.alfain.eu\/novinka-201201\/img_3352\/\" class=\"wp-image-504 lazyload\" data-srcset=\"https:\/\/cnc.alfain.eu\/files\/uploads\/sites\/3\/2020\/11\/IMG_3352-1380x1035.jpg 1380w, https:\/\/cnc.alfain.eu\/files\/uploads\/sites\/3\/2020\/11\/IMG_3352-920x690.jpg 920w, https:\/\/cnc.alfain.eu\/files\/uploads\/sites\/3\/2020\/11\/IMG_3352-768x576.jpg 768w, https:\/\/cnc.alfain.eu\/files\/uploads\/sites\/3\/2020\/11\/IMG_3352-1536x1152.jpg 1536w, https:\/\/cnc.alfain.eu\/files\/uploads\/sites\/3\/2020\/11\/IMG_3352-2048x1536.jpg 2048w, https:\/\/cnc.alfain.eu\/files\/uploads\/sites\/3\/2020\/11\/IMG_3352-307x229.jpg 307w\" data-sizes=\"auto\" src=\"data:image\/svg+xml;base64,PHN2ZyB3aWR0aD0iMSIgaGVpZ2h0PSIxIiB4bWxucz0iaHR0cDovL3d3dy53My5vcmcvMjAwMC9zdmciPjwvc3ZnPg==\" style=\"--smush-placeholder-width: 1380px; --smush-placeholder-aspect-ratio: 1380\/1035;\" data-original-sizes=\"(max-width: 1380px) 100vw, 1380px\" \/><\/figure><\/li><\/ul><\/figure>\n","protected":false},"excerpt":{"rendered":"<p>New SVAROG line plasma inverter integrated with ALFATEC table Demonstration of plasma burning on the ALFATEC portal 1.5&#215;3 m, SVAROG&#8230;<\/p>\n","protected":false},"author":4,"featured_media":0,"parent":0,"menu_order":16,"comment_status":"closed","ping_status":"closed","template":"","meta":{"_acf_changed":false,"inline_featured_image":false,"footnotes":""},"class_list":["post-1143","page","type-page","status-publish","hentry"],"acf":[],"yoast_head":"<!-- This site is optimized with the Yoast SEO plugin v27.4 - https:\/\/yoast.com\/product\/yoast-seo-wordpress\/ -->\n<title>GALLERY | CNC<\/title>\n<meta name=\"robots\" content=\"index, follow, max-snippet:-1, max-image-preview:large, max-video-preview:-1\" \/>\n<link rel=\"canonical\" href=\"https:\/\/cnc.alfain.eu\/en\/gallery\/\" \/>\n<meta property=\"og:locale\" content=\"en_US\" \/>\n<meta property=\"og:type\" content=\"article\" \/>\n<meta property=\"og:title\" content=\"GALLERY | CNC\" \/>\n<meta property=\"og:description\" content=\"New SVAROG line plasma inverter integrated with ALFATEC table Demonstration of plasma burning on the ALFATEC portal 1.5&#215;3 m, SVAROG...\" \/>\n<meta property=\"og:url\" content=\"https:\/\/cnc.alfain.eu\/en\/gallery\/\" \/>\n<meta property=\"og:site_name\" content=\"CNC\" \/>\n<meta property=\"article:modified_time\" content=\"2023-05-24T11:47:42+00:00\" \/>\n<meta property=\"og:image\" content=\"https:\/\/cnc.alfain.eu\/files\/uploads\/sites\/3\/2020\/12\/IMG_3687-64-1380x920.jpg\" \/>\n<meta name=\"twitter:card\" content=\"summary_large_image\" \/>\n<script type=\"application\/ld+json\" class=\"yoast-schema-graph\">{\"@context\":\"https:\\\/\\\/schema.org\",\"@graph\":[{\"@type\":\"WebPage\",\"@id\":\"https:\\\/\\\/cnc.alfain.eu\\\/en\\\/gallery\\\/\",\"url\":\"https:\\\/\\\/cnc.alfain.eu\\\/en\\\/gallery\\\/\",\"name\":\"GALLERY | CNC\",\"isPartOf\":{\"@id\":\"https:\\\/\\\/cnc.alfain.eu\\\/en\\\/#website\"},\"primaryImageOfPage\":{\"@id\":\"https:\\\/\\\/cnc.alfain.eu\\\/en\\\/gallery\\\/#primaryimage\"},\"image\":{\"@id\":\"https:\\\/\\\/cnc.alfain.eu\\\/en\\\/gallery\\\/#primaryimage\"},\"thumbnailUrl\":\"https:\\\/\\\/cnc.alfain.eu\\\/files\\\/uploads\\\/sites\\\/3\\\/2020\\\/12\\\/IMG_3687-64-1380x920.jpg\",\"datePublished\":\"2022-09-30T07:01:28+00:00\",\"dateModified\":\"2023-05-24T11:47:42+00:00\",\"breadcrumb\":{\"@id\":\"https:\\\/\\\/cnc.alfain.eu\\\/en\\\/gallery\\\/#breadcrumb\"},\"inLanguage\":\"en-US\",\"potentialAction\":[{\"@type\":\"ReadAction\",\"target\":[\"https:\\\/\\\/cnc.alfain.eu\\\/en\\\/gallery\\\/\"]}]},{\"@type\":\"ImageObject\",\"inLanguage\":\"en-US\",\"@id\":\"https:\\\/\\\/cnc.alfain.eu\\\/en\\\/gallery\\\/#primaryimage\",\"url\":\"https:\\\/\\\/cnc.alfain.eu\\\/files\\\/uploads\\\/sites\\\/3\\\/2020\\\/12\\\/IMG_3687-64-1380x920.jpg\",\"contentUrl\":\"https:\\\/\\\/cnc.alfain.eu\\\/files\\\/uploads\\\/sites\\\/3\\\/2020\\\/12\\\/IMG_3687-64-1380x920.jpg\"},{\"@type\":\"BreadcrumbList\",\"@id\":\"https:\\\/\\\/cnc.alfain.eu\\\/en\\\/gallery\\\/#breadcrumb\",\"itemListElement\":[{\"@type\":\"ListItem\",\"position\":1,\"name\":\"Home\",\"item\":\"https:\\\/\\\/cnc.alfain.eu\\\/en\\\/\"},{\"@type\":\"ListItem\",\"position\":2,\"name\":\"GALLERY\"}]},{\"@type\":\"WebSite\",\"@id\":\"https:\\\/\\\/cnc.alfain.eu\\\/en\\\/#website\",\"url\":\"https:\\\/\\\/cnc.alfain.eu\\\/en\\\/\",\"name\":\"CNC\",\"description\":\"ALFA IN\",\"potentialAction\":[{\"@type\":\"SearchAction\",\"target\":{\"@type\":\"EntryPoint\",\"urlTemplate\":\"https:\\\/\\\/cnc.alfain.eu\\\/en\\\/?s={search_term_string}\"},\"query-input\":{\"@type\":\"PropertyValueSpecification\",\"valueRequired\":true,\"valueName\":\"search_term_string\"}}],\"inLanguage\":\"en-US\"}]}<\/script>\n<!-- \/ Yoast SEO plugin. -->","yoast_head_json":{"title":"GALLERY | CNC","robots":{"index":"index","follow":"follow","max-snippet":"max-snippet:-1","max-image-preview":"max-image-preview:large","max-video-preview":"max-video-preview:-1"},"canonical":"https:\/\/cnc.alfain.eu\/en\/gallery\/","og_locale":"en_US","og_type":"article","og_title":"GALLERY | CNC","og_description":"New SVAROG line plasma inverter integrated with ALFATEC table Demonstration of plasma burning on the ALFATEC portal 1.5&#215;3 m, SVAROG...","og_url":"https:\/\/cnc.alfain.eu\/en\/gallery\/","og_site_name":"CNC","article_modified_time":"2023-05-24T11:47:42+00:00","og_image":[{"url":"https:\/\/cnc.alfain.eu\/files\/uploads\/sites\/3\/2020\/12\/IMG_3687-64-1380x920.jpg","type":"","width":"","height":""}],"twitter_card":"summary_large_image","schema":{"@context":"https:\/\/schema.org","@graph":[{"@type":"WebPage","@id":"https:\/\/cnc.alfain.eu\/en\/gallery\/","url":"https:\/\/cnc.alfain.eu\/en\/gallery\/","name":"GALLERY | CNC","isPartOf":{"@id":"https:\/\/cnc.alfain.eu\/en\/#website"},"primaryImageOfPage":{"@id":"https:\/\/cnc.alfain.eu\/en\/gallery\/#primaryimage"},"image":{"@id":"https:\/\/cnc.alfain.eu\/en\/gallery\/#primaryimage"},"thumbnailUrl":"https:\/\/cnc.alfain.eu\/files\/uploads\/sites\/3\/2020\/12\/IMG_3687-64-1380x920.jpg","datePublished":"2022-09-30T07:01:28+00:00","dateModified":"2023-05-24T11:47:42+00:00","breadcrumb":{"@id":"https:\/\/cnc.alfain.eu\/en\/gallery\/#breadcrumb"},"inLanguage":"en-US","potentialAction":[{"@type":"ReadAction","target":["https:\/\/cnc.alfain.eu\/en\/gallery\/"]}]},{"@type":"ImageObject","inLanguage":"en-US","@id":"https:\/\/cnc.alfain.eu\/en\/gallery\/#primaryimage","url":"https:\/\/cnc.alfain.eu\/files\/uploads\/sites\/3\/2020\/12\/IMG_3687-64-1380x920.jpg","contentUrl":"https:\/\/cnc.alfain.eu\/files\/uploads\/sites\/3\/2020\/12\/IMG_3687-64-1380x920.jpg"},{"@type":"BreadcrumbList","@id":"https:\/\/cnc.alfain.eu\/en\/gallery\/#breadcrumb","itemListElement":[{"@type":"ListItem","position":1,"name":"Home","item":"https:\/\/cnc.alfain.eu\/en\/"},{"@type":"ListItem","position":2,"name":"GALLERY"}]},{"@type":"WebSite","@id":"https:\/\/cnc.alfain.eu\/en\/#website","url":"https:\/\/cnc.alfain.eu\/en\/","name":"CNC","description":"ALFA IN","potentialAction":[{"@type":"SearchAction","target":{"@type":"EntryPoint","urlTemplate":"https:\/\/cnc.alfain.eu\/en\/?s={search_term_string}"},"query-input":{"@type":"PropertyValueSpecification","valueRequired":true,"valueName":"search_term_string"}}],"inLanguage":"en-US"}]}},"_links":{"self":[{"href":"https:\/\/cnc.alfain.eu\/en\/wp-json\/wp\/v2\/pages\/1143","targetHints":{"allow":["GET"]}}],"collection":[{"href":"https:\/\/cnc.alfain.eu\/en\/wp-json\/wp\/v2\/pages"}],"about":[{"href":"https:\/\/cnc.alfain.eu\/en\/wp-json\/wp\/v2\/types\/page"}],"author":[{"embeddable":true,"href":"https:\/\/cnc.alfain.eu\/en\/wp-json\/wp\/v2\/users\/4"}],"replies":[{"embeddable":true,"href":"https:\/\/cnc.alfain.eu\/en\/wp-json\/wp\/v2\/comments?post=1143"}],"version-history":[{"count":2,"href":"https:\/\/cnc.alfain.eu\/en\/wp-json\/wp\/v2\/pages\/1143\/revisions"}],"predecessor-version":[{"id":1450,"href":"https:\/\/cnc.alfain.eu\/en\/wp-json\/wp\/v2\/pages\/1143\/revisions\/1450"}],"wp:attachment":[{"href":"https:\/\/cnc.alfain.eu\/en\/wp-json\/wp\/v2\/media?parent=1143"}],"curies":[{"name":"wp","href":"https:\/\/api.w.org\/{rel}","templated":true}]}}