{"id":1111,"date":"2022-09-20T06:45:05","date_gmt":"2022-09-20T05:45:05","guid":{"rendered":"https:\/\/cnc.alfain.eu\/rezaci-portaly-rady-ekonom\/"},"modified":"2022-10-03T08:46:09","modified_gmt":"2022-10-03T07:46:09","slug":"rezaci-portaly-rady-ekonom","status":"publish","type":"page","link":"https:\/\/cnc.alfain.eu\/en\/rezaci-portaly-rady-ekonom\/","title":{"rendered":"EKONOM Line Cutting Tables"},"content":{"rendered":"\n<figure class=\"wp-block-image size-large\"><img fetchpriority=\"high\" decoding=\"async\" width=\"1380\" height=\"800\" src=\"https:\/\/cnc.alfain.eu\/files\/uploads\/sites\/3\/2020\/12\/Alfatec-Ekonom-CNC-15x3-1-1380x800.jpg\" alt=\"\" class=\"wp-image-790\" srcset=\"https:\/\/cnc.alfain.eu\/files\/uploads\/sites\/3\/2020\/12\/Alfatec-Ekonom-CNC-15x3-1-1380x800.jpg 1380w, https:\/\/cnc.alfain.eu\/files\/uploads\/sites\/3\/2020\/12\/Alfatec-Ekonom-CNC-15x3-1-920x533.jpg 920w, https:\/\/cnc.alfain.eu\/files\/uploads\/sites\/3\/2020\/12\/Alfatec-Ekonom-CNC-15x3-1-768x445.jpg 768w, https:\/\/cnc.alfain.eu\/files\/uploads\/sites\/3\/2020\/12\/Alfatec-Ekonom-CNC-15x3-1-1536x890.jpg 1536w, https:\/\/cnc.alfain.eu\/files\/uploads\/sites\/3\/2020\/12\/Alfatec-Ekonom-CNC-15x3-1-2048x1187.jpg 2048w\" sizes=\"(max-width: 1380px) 100vw, 1380px\" \/><\/figure>\n\n<h2 class=\"wp-block-heading\" id=\"zakladni-charakteristika\">Z\u00e1kladn\u00ed charakteristika<\/h2>\n\n<h4 class=\"wp-block-heading\" id=\"jedna-se-o-ekonomickou-variantu-rezacich-portalu-alfatec-oproti-typove-rade-profi-jsou-projektovany-pro-centralni-nikoliv-sekcni-zpusob-odsavani-skodlivych-zplodin-s-nizsi-ucinnosti-a-mene-robustni-konstrukci-maximalni-zatizeni-stolu-je-400-kg-m2-ostatni-parametry-resp-vybaveni-teto-rady-je-shodne-s-radou-profi\">Jedn\u00e1 se o ekonomickou variantu \u0159ezac\u00edch port\u00e1l\u016f ALFATEC. Oproti typov\u00e9 \u0159ad\u011b PROFI jsou projektov\u00e1ny pro centr\u00e1ln\u00ed (nikoliv sek\u010dn\u00ed) zp\u016fsob ods\u00e1v\u00e1n\u00ed \u0161kodliv\u00fdch zplodin s ni\u017e\u0161\u00ed \u00fa\u010dinnost\u00ed a m\u00e9n\u011b robustn\u00ed konstrukc\u00ed. Maxim\u00e1ln\u00ed zat\u00ed\u017een\u00ed stolu je 400 kg\/m2. Ostatn\u00ed parametry resp. vybaven\u00ed t\u00e9to \u0159ady je shodn\u00e9 s \u0159adou PROFI.<\/h4>\n\n<h2 class=\"wp-block-heading\" id=\"seznam-typu-rady-ekonom\">Seznam typ\u016f \u0159ady EKONOM<\/h2>\n\n<figure class=\"wp-block-table is-style-stripes\"><table><tbody><tr><td><strong>Typov\u00e9 ozna\u010den\u00ed<\/strong><\/td><td><strong>Popis<\/strong><\/td><td><strong>Zp\u016fsob ods\u00e1v\u00e1n\u00ed<\/strong><\/td><\/tr><tr><td>CNC017.0<\/td><td>\u0158ezn\u00e1 plocha 1.25&#215;1.25 m, max. zat\u00ed\u017een\u00ed 300 kg\/m2 <\/td><td>centr\u00e1ln\u00ed<\/td><\/tr><tr><td>CNC017.1<\/td><td>\u0158ezn\u00e1 plocha 1.25&#215;1.25 m, max. zat\u00ed\u017een\u00ed 300 kg\/m2<\/td><td>vodn\u00ed vana<\/td><\/tr><tr><td>CNC01.6<\/td><td>\u0158ezn\u00e1 plocha 1&#215;2 m, max. zat\u00ed\u017een\u00ed 400 kg\/m2<\/td><td>centr\u00e1ln\u00ed<\/td><\/tr><tr><td>CNC01.61<\/td><td>\u0158ezn\u00e1 plocha 1&#215;2 m, max. zat\u00ed\u017een\u00ed 400 kg\/m2<\/td><td>vodn\u00ed vana<\/td><\/tr><tr><td>CNC01.5<\/td><td>\u0158ezn\u00e1 plocha 1,5&#215;3 m, max. zat\u00ed\u017een\u00ed 400 kg\/m2<\/td><td>centr\u00e1ln\u00ed<\/td><\/tr><tr><td>CNC01.10<\/td><td>\u0158ezn\u00e1 plocha 2&#215;3 m, max. zat\u00ed\u017een\u00ed 400 kg\/m2<\/td><td>centr\u00e1ln\u00ed<\/td><\/tr><\/tbody><\/table><\/figure>\n\n<figure class=\"wp-block-gallery has-nested-images columns-4 is-cropped wp-block-gallery-1 is-layout-flex wp-block-gallery-is-layout-flex\">\n<figure class=\"wp-block-image size-thumbnail\"><img decoding=\"async\" width=\"460\" height=\"460\" data-id=\"793\" data-src=\"https:\/\/cnc.alfain.eu\/files\/uploads\/sites\/3\/2020\/12\/IMG_7302-460x460.jpg\" alt=\"\" class=\"wp-image-793 lazyload\" src=\"data:image\/svg+xml;base64,PHN2ZyB3aWR0aD0iMSIgaGVpZ2h0PSIxIiB4bWxucz0iaHR0cDovL3d3dy53My5vcmcvMjAwMC9zdmciPjwvc3ZnPg==\" style=\"--smush-placeholder-width: 460px; --smush-placeholder-aspect-ratio: 460\/460;\" \/><\/figure>\n\n\n\n<figure class=\"wp-block-image size-thumbnail\"><img decoding=\"async\" width=\"460\" height=\"460\" data-id=\"795\" data-src=\"https:\/\/cnc.alfain.eu\/files\/uploads\/sites\/3\/2020\/12\/IMG_7303-460x460.jpg\" alt=\"\" class=\"wp-image-795 lazyload\" src=\"data:image\/svg+xml;base64,PHN2ZyB3aWR0aD0iMSIgaGVpZ2h0PSIxIiB4bWxucz0iaHR0cDovL3d3dy53My5vcmcvMjAwMC9zdmciPjwvc3ZnPg==\" style=\"--smush-placeholder-width: 460px; --smush-placeholder-aspect-ratio: 460\/460;\" \/><\/figure>\n\n\n\n<figure class=\"wp-block-image size-thumbnail\"><img decoding=\"async\" width=\"460\" height=\"460\" data-id=\"797\" data-src=\"https:\/\/cnc.alfain.eu\/files\/uploads\/sites\/3\/2020\/12\/IMG_7304-460x460.jpg\" alt=\"\" class=\"wp-image-797 lazyload\" src=\"data:image\/svg+xml;base64,PHN2ZyB3aWR0aD0iMSIgaGVpZ2h0PSIxIiB4bWxucz0iaHR0cDovL3d3dy53My5vcmcvMjAwMC9zdmciPjwvc3ZnPg==\" style=\"--smush-placeholder-width: 460px; --smush-placeholder-aspect-ratio: 460\/460;\" \/><\/figure>\n\n\n\n<figure class=\"wp-block-image size-thumbnail\"><img decoding=\"async\" width=\"460\" height=\"460\" data-id=\"799\" data-src=\"https:\/\/cnc.alfain.eu\/files\/uploads\/sites\/3\/2020\/12\/IMG_7306-460x460.jpg\" alt=\"\" class=\"wp-image-799 lazyload\" src=\"data:image\/svg+xml;base64,PHN2ZyB3aWR0aD0iMSIgaGVpZ2h0PSIxIiB4bWxucz0iaHR0cDovL3d3dy53My5vcmcvMjAwMC9zdmciPjwvc3ZnPg==\" style=\"--smush-placeholder-width: 460px; --smush-placeholder-aspect-ratio: 460\/460;\" \/><\/figure>\n<\/figure>\n\t<section class=\"block files vertical\" >\n\t\t<h5>Soubory ke sta\u017een\u00ed<\/h5>\t\t\t\t\t<div class=\"items cf\">\n\t\t\t\t\t\t\t\t\t\t\t\t\t\t\t<div class=\"file\">\n\t\t\t\t\t\t\t<div class=\"inner\">\n\t\t\t\t\t\t\t\t<h5><a href=\"https:\/\/cnc.alfain.eu\/files\/uploads\/sites\/3\/2020\/12\/CNC-technicka-specifikace-201124.pdf\" download>CNC &#8211; technick\u00e1 specifikace 201124<\/a><\/h5>\n\t\t\t\t\t\t\t\t<div class=\"file-info\">\n\t\t\t\t\t\t\t\t\tpdf\t\t\t\t\t\t\t\t\t<span class=\"sep\">\/<\/span>\n\t\t\t\t\t\t\t\t\t2.36 MB\t\t\t\t\t\t\t\t<\/div>\n\t\t\t\t\t\t\t\t<a class=\"button download\" href=\"https:\/\/cnc.alfain.eu\/files\/uploads\/sites\/3\/2020\/12\/CNC-technicka-specifikace-201124.pdf\" download>Download<\/a>\n\t\t\t\t\t\t\t<\/div>\n\t\t\t\t\t\t<\/div>\n\t\t\t\t\t\t\t\t\t\t\t\t<\/div>\n\t\t\t<\/section>\n\n","protected":false},"excerpt":{"rendered":"<p>Z\u00e1kladn\u00ed charakteristika Jedn\u00e1 se o ekonomickou variantu \u0159ezac\u00edch port\u00e1l\u016f ALFATEC. Oproti typov\u00e9 \u0159ad\u011b PROFI jsou projektov\u00e1ny pro centr\u00e1ln\u00ed (nikoliv sek\u010dn\u00ed)&#8230;<\/p>\n","protected":false},"author":4,"featured_media":0,"parent":0,"menu_order":6,"comment_status":"closed","ping_status":"closed","template":"","meta":{"_acf_changed":false,"inline_featured_image":false,"footnotes":""},"class_list":["post-1111","page","type-page","status-publish","hentry"],"acf":[],"yoast_head":"<!-- This site is optimized with the Yoast SEO plugin v27.4 - https:\/\/yoast.com\/product\/yoast-seo-wordpress\/ -->\n<title>EKONOM Line Cutting Tables | CNC<\/title>\n<meta name=\"description\" content=\"EKONOM Line Cutting Tables | CNC\" \/>\n<meta name=\"robots\" content=\"index, follow, max-snippet:-1, max-image-preview:large, max-video-preview:-1\" \/>\n<link rel=\"canonical\" href=\"https:\/\/cnc.alfain.eu\/en\/rezaci-portaly-rady-ekonom\/\" \/>\n<meta property=\"og:locale\" content=\"en_US\" \/>\n<meta property=\"og:type\" content=\"article\" \/>\n<meta property=\"og:title\" content=\"EKONOM Line Cutting Tables\" \/>\n<meta property=\"og:description\" content=\"EKONOM Line Cutting Tables | CNC\" \/>\n<meta property=\"og:url\" content=\"https:\/\/cnc.alfain.eu\/en\/rezaci-portaly-rady-ekonom\/\" \/>\n<meta property=\"og:site_name\" content=\"CNC\" \/>\n<meta property=\"article:modified_time\" content=\"2022-10-03T07:46:09+00:00\" \/>\n<meta property=\"og:image\" content=\"https:\/\/cnc.alfain.eu\/files\/uploads\/sites\/3\/2020\/12\/Alfatec-Ekonom-CNC-15x3-1-1380x800.jpg\" \/>\n<meta name=\"twitter:card\" content=\"summary_large_image\" \/>\n<script type=\"application\/ld+json\" class=\"yoast-schema-graph\">{\"@context\":\"https:\\\/\\\/schema.org\",\"@graph\":[{\"@type\":\"Article\",\"@id\":\"https:\\\/\\\/cnc.alfain.eu\\\/en\\\/rezaci-portaly-rady-ekonom\\\/#article\",\"isPartOf\":{\"@id\":\"https:\\\/\\\/cnc.alfain.eu\\\/en\\\/rezaci-portaly-rady-ekonom\\\/\"},\"author\":{\"name\":\"Lubo\u0161 Sl\u00e1ma\",\"@id\":\"https:\\\/\\\/cnc.alfain.eu\\\/en\\\/#\\\/schema\\\/person\\\/162ac1e5fff56cea0b8c6610128b66cf\"},\"headline\":\"EKONOM Line Cutting Tables\",\"datePublished\":\"2022-09-20T05:45:05+00:00\",\"dateModified\":\"2022-10-03T07:46:09+00:00\",\"mainEntityOfPage\":{\"@id\":\"https:\\\/\\\/cnc.alfain.eu\\\/en\\\/rezaci-portaly-rady-ekonom\\\/\"},\"wordCount\":151,\"image\":{\"@id\":\"https:\\\/\\\/cnc.alfain.eu\\\/en\\\/rezaci-portaly-rady-ekonom\\\/#primaryimage\"},\"thumbnailUrl\":\"https:\\\/\\\/cnc.alfain.eu\\\/files\\\/uploads\\\/sites\\\/3\\\/2020\\\/12\\\/Alfatec-Ekonom-CNC-15x3-1-1380x800.jpg\",\"inLanguage\":\"en-US\"},{\"@type\":\"WebPage\",\"@id\":\"https:\\\/\\\/cnc.alfain.eu\\\/en\\\/rezaci-portaly-rady-ekonom\\\/\",\"url\":\"https:\\\/\\\/cnc.alfain.eu\\\/en\\\/rezaci-portaly-rady-ekonom\\\/\",\"name\":\"EKONOM Line Cutting Tables | CNC\",\"isPartOf\":{\"@id\":\"https:\\\/\\\/cnc.alfain.eu\\\/en\\\/#website\"},\"primaryImageOfPage\":{\"@id\":\"https:\\\/\\\/cnc.alfain.eu\\\/en\\\/rezaci-portaly-rady-ekonom\\\/#primaryimage\"},\"image\":{\"@id\":\"https:\\\/\\\/cnc.alfain.eu\\\/en\\\/rezaci-portaly-rady-ekonom\\\/#primaryimage\"},\"thumbnailUrl\":\"https:\\\/\\\/cnc.alfain.eu\\\/files\\\/uploads\\\/sites\\\/3\\\/2020\\\/12\\\/Alfatec-Ekonom-CNC-15x3-1-1380x800.jpg\",\"datePublished\":\"2022-09-20T05:45:05+00:00\",\"dateModified\":\"2022-10-03T07:46:09+00:00\",\"description\":\"EKONOM Line Cutting Tables | CNC\",\"breadcrumb\":{\"@id\":\"https:\\\/\\\/cnc.alfain.eu\\\/en\\\/rezaci-portaly-rady-ekonom\\\/#breadcrumb\"},\"inLanguage\":\"en-US\",\"potentialAction\":[{\"@type\":\"ReadAction\",\"target\":[\"https:\\\/\\\/cnc.alfain.eu\\\/en\\\/rezaci-portaly-rady-ekonom\\\/\"]}]},{\"@type\":\"ImageObject\",\"inLanguage\":\"en-US\",\"@id\":\"https:\\\/\\\/cnc.alfain.eu\\\/en\\\/rezaci-portaly-rady-ekonom\\\/#primaryimage\",\"url\":\"https:\\\/\\\/cnc.alfain.eu\\\/files\\\/uploads\\\/sites\\\/3\\\/2020\\\/12\\\/Alfatec-Ekonom-CNC-15x3-1-1380x800.jpg\",\"contentUrl\":\"https:\\\/\\\/cnc.alfain.eu\\\/files\\\/uploads\\\/sites\\\/3\\\/2020\\\/12\\\/Alfatec-Ekonom-CNC-15x3-1-1380x800.jpg\"},{\"@type\":\"BreadcrumbList\",\"@id\":\"https:\\\/\\\/cnc.alfain.eu\\\/en\\\/rezaci-portaly-rady-ekonom\\\/#breadcrumb\",\"itemListElement\":[{\"@type\":\"ListItem\",\"position\":1,\"name\":\"Home\",\"item\":\"https:\\\/\\\/cnc.alfain.eu\\\/en\\\/\"},{\"@type\":\"ListItem\",\"position\":2,\"name\":\"EKONOM Line Cutting Tables\"}]},{\"@type\":\"WebSite\",\"@id\":\"https:\\\/\\\/cnc.alfain.eu\\\/en\\\/#website\",\"url\":\"https:\\\/\\\/cnc.alfain.eu\\\/en\\\/\",\"name\":\"CNC\",\"description\":\"ALFA IN\",\"potentialAction\":[{\"@type\":\"SearchAction\",\"target\":{\"@type\":\"EntryPoint\",\"urlTemplate\":\"https:\\\/\\\/cnc.alfain.eu\\\/en\\\/?s={search_term_string}\"},\"query-input\":{\"@type\":\"PropertyValueSpecification\",\"valueRequired\":true,\"valueName\":\"search_term_string\"}}],\"inLanguage\":\"en-US\"},{\"@type\":\"Person\",\"@id\":\"https:\\\/\\\/cnc.alfain.eu\\\/en\\\/#\\\/schema\\\/person\\\/162ac1e5fff56cea0b8c6610128b66cf\",\"name\":\"Lubo\u0161 Sl\u00e1ma\",\"image\":{\"@type\":\"ImageObject\",\"inLanguage\":\"en-US\",\"@id\":\"https:\\\/\\\/secure.gravatar.com\\\/avatar\\\/e5e2d023509b75ba4d697bd7a073e98fd09f8778d865833a47b1d81fa4a22551?s=96&d=mm&r=g\",\"url\":\"https:\\\/\\\/secure.gravatar.com\\\/avatar\\\/e5e2d023509b75ba4d697bd7a073e98fd09f8778d865833a47b1d81fa4a22551?s=96&d=mm&r=g\",\"contentUrl\":\"https:\\\/\\\/secure.gravatar.com\\\/avatar\\\/e5e2d023509b75ba4d697bd7a073e98fd09f8778d865833a47b1d81fa4a22551?s=96&d=mm&r=g\",\"caption\":\"Lubo\u0161 Sl\u00e1ma\"}}]}<\/script>\n<!-- \/ Yoast SEO plugin. -->","yoast_head_json":{"title":"EKONOM Line Cutting Tables | CNC","description":"EKONOM Line Cutting Tables | CNC","robots":{"index":"index","follow":"follow","max-snippet":"max-snippet:-1","max-image-preview":"max-image-preview:large","max-video-preview":"max-video-preview:-1"},"canonical":"https:\/\/cnc.alfain.eu\/en\/rezaci-portaly-rady-ekonom\/","og_locale":"en_US","og_type":"article","og_title":"EKONOM Line Cutting Tables","og_description":"EKONOM Line Cutting Tables | CNC","og_url":"https:\/\/cnc.alfain.eu\/en\/rezaci-portaly-rady-ekonom\/","og_site_name":"CNC","article_modified_time":"2022-10-03T07:46:09+00:00","og_image":[{"url":"https:\/\/cnc.alfain.eu\/files\/uploads\/sites\/3\/2020\/12\/Alfatec-Ekonom-CNC-15x3-1-1380x800.jpg","type":"","width":"","height":""}],"twitter_card":"summary_large_image","schema":{"@context":"https:\/\/schema.org","@graph":[{"@type":"Article","@id":"https:\/\/cnc.alfain.eu\/en\/rezaci-portaly-rady-ekonom\/#article","isPartOf":{"@id":"https:\/\/cnc.alfain.eu\/en\/rezaci-portaly-rady-ekonom\/"},"author":{"name":"Lubo\u0161 Sl\u00e1ma","@id":"https:\/\/cnc.alfain.eu\/en\/#\/schema\/person\/162ac1e5fff56cea0b8c6610128b66cf"},"headline":"EKONOM Line Cutting Tables","datePublished":"2022-09-20T05:45:05+00:00","dateModified":"2022-10-03T07:46:09+00:00","mainEntityOfPage":{"@id":"https:\/\/cnc.alfain.eu\/en\/rezaci-portaly-rady-ekonom\/"},"wordCount":151,"image":{"@id":"https:\/\/cnc.alfain.eu\/en\/rezaci-portaly-rady-ekonom\/#primaryimage"},"thumbnailUrl":"https:\/\/cnc.alfain.eu\/files\/uploads\/sites\/3\/2020\/12\/Alfatec-Ekonom-CNC-15x3-1-1380x800.jpg","inLanguage":"en-US"},{"@type":"WebPage","@id":"https:\/\/cnc.alfain.eu\/en\/rezaci-portaly-rady-ekonom\/","url":"https:\/\/cnc.alfain.eu\/en\/rezaci-portaly-rady-ekonom\/","name":"EKONOM Line Cutting Tables | CNC","isPartOf":{"@id":"https:\/\/cnc.alfain.eu\/en\/#website"},"primaryImageOfPage":{"@id":"https:\/\/cnc.alfain.eu\/en\/rezaci-portaly-rady-ekonom\/#primaryimage"},"image":{"@id":"https:\/\/cnc.alfain.eu\/en\/rezaci-portaly-rady-ekonom\/#primaryimage"},"thumbnailUrl":"https:\/\/cnc.alfain.eu\/files\/uploads\/sites\/3\/2020\/12\/Alfatec-Ekonom-CNC-15x3-1-1380x800.jpg","datePublished":"2022-09-20T05:45:05+00:00","dateModified":"2022-10-03T07:46:09+00:00","description":"EKONOM Line Cutting Tables | CNC","breadcrumb":{"@id":"https:\/\/cnc.alfain.eu\/en\/rezaci-portaly-rady-ekonom\/#breadcrumb"},"inLanguage":"en-US","potentialAction":[{"@type":"ReadAction","target":["https:\/\/cnc.alfain.eu\/en\/rezaci-portaly-rady-ekonom\/"]}]},{"@type":"ImageObject","inLanguage":"en-US","@id":"https:\/\/cnc.alfain.eu\/en\/rezaci-portaly-rady-ekonom\/#primaryimage","url":"https:\/\/cnc.alfain.eu\/files\/uploads\/sites\/3\/2020\/12\/Alfatec-Ekonom-CNC-15x3-1-1380x800.jpg","contentUrl":"https:\/\/cnc.alfain.eu\/files\/uploads\/sites\/3\/2020\/12\/Alfatec-Ekonom-CNC-15x3-1-1380x800.jpg"},{"@type":"BreadcrumbList","@id":"https:\/\/cnc.alfain.eu\/en\/rezaci-portaly-rady-ekonom\/#breadcrumb","itemListElement":[{"@type":"ListItem","position":1,"name":"Home","item":"https:\/\/cnc.alfain.eu\/en\/"},{"@type":"ListItem","position":2,"name":"EKONOM Line Cutting Tables"}]},{"@type":"WebSite","@id":"https:\/\/cnc.alfain.eu\/en\/#website","url":"https:\/\/cnc.alfain.eu\/en\/","name":"CNC","description":"ALFA IN","potentialAction":[{"@type":"SearchAction","target":{"@type":"EntryPoint","urlTemplate":"https:\/\/cnc.alfain.eu\/en\/?s={search_term_string}"},"query-input":{"@type":"PropertyValueSpecification","valueRequired":true,"valueName":"search_term_string"}}],"inLanguage":"en-US"},{"@type":"Person","@id":"https:\/\/cnc.alfain.eu\/en\/#\/schema\/person\/162ac1e5fff56cea0b8c6610128b66cf","name":"Lubo\u0161 Sl\u00e1ma","image":{"@type":"ImageObject","inLanguage":"en-US","@id":"https:\/\/secure.gravatar.com\/avatar\/e5e2d023509b75ba4d697bd7a073e98fd09f8778d865833a47b1d81fa4a22551?s=96&d=mm&r=g","url":"https:\/\/secure.gravatar.com\/avatar\/e5e2d023509b75ba4d697bd7a073e98fd09f8778d865833a47b1d81fa4a22551?s=96&d=mm&r=g","contentUrl":"https:\/\/secure.gravatar.com\/avatar\/e5e2d023509b75ba4d697bd7a073e98fd09f8778d865833a47b1d81fa4a22551?s=96&d=mm&r=g","caption":"Lubo\u0161 Sl\u00e1ma"}}]}},"_links":{"self":[{"href":"https:\/\/cnc.alfain.eu\/en\/wp-json\/wp\/v2\/pages\/1111","targetHints":{"allow":["GET"]}}],"collection":[{"href":"https:\/\/cnc.alfain.eu\/en\/wp-json\/wp\/v2\/pages"}],"about":[{"href":"https:\/\/cnc.alfain.eu\/en\/wp-json\/wp\/v2\/types\/page"}],"author":[{"embeddable":true,"href":"https:\/\/cnc.alfain.eu\/en\/wp-json\/wp\/v2\/users\/4"}],"replies":[{"embeddable":true,"href":"https:\/\/cnc.alfain.eu\/en\/wp-json\/wp\/v2\/comments?post=1111"}],"version-history":[{"count":20,"href":"https:\/\/cnc.alfain.eu\/en\/wp-json\/wp\/v2\/pages\/1111\/revisions"}],"predecessor-version":[{"id":1433,"href":"https:\/\/cnc.alfain.eu\/en\/wp-json\/wp\/v2\/pages\/1111\/revisions\/1433"}],"wp:attachment":[{"href":"https:\/\/cnc.alfain.eu\/en\/wp-json\/wp\/v2\/media?parent=1111"}],"curies":[{"name":"wp","href":"https:\/\/api.w.org\/{rel}","templated":true}]}}